{"id":2173,"date":"2023-07-06T20:39:14","date_gmt":"2023-07-06T18:39:14","guid":{"rendered":"https:\/\/themis-transactions.com\/fees\/"},"modified":"2026-02-04T16:09:33","modified_gmt":"2026-02-04T14:09:33","slug":"fees","status":"publish","type":"page","link":"https:\/\/themis-transactions.com\/en\/fees\/","title":{"rendered":"Fees"},"content":{"rendered":"<h2>FEES 2026<\/h2>\n<h2>SALE OR SEARCH MANDATE<\/h2>\n<hr>\n<div>\n<p>THEMIS TRANSACTIONS&#8217; fee is based on the total sale price of the property sold, including the sale price of the real estate, the sale price of the movables and\/or the sale price of the company shares. <br \/>It is expressed as a percentage of the total sale price. <br \/>Fees are payable on the date of signature of the final deeds of sale.<\/p>\n<\/div>\n<div>\n<div class=\"uk-overflow-auto\">\n<table class=\"uk-table uk-table-striped\">\n<thead>\n<tr>\n<th><B>SALE OR DISPOSAL<\/B><\/th>\n<th><B>FEES EXCL. TAX<\/B><\/th>\n<th><B>FEES INCL. TAX*<\/B><\/th>\n<\/tr>\n<\/thead>\n<tbody>\n<tr>\n<td> <B> < \u20ac5M <\/B><\/td>\n<td>5%<\/td>\n<td>6%<\/td>\n<\/tr>\n<tr>\n<td> <b>From \u20ac5M to \u20ac15M<\/b><\/td>\n<td>4%<\/td>\n<td>4,80%<\/td>\n<\/tr>\n<tr>\n<td><b>From \u20ac15M to \u20ac30M<\/b><\/td>\n<td>3%<\/td>\n<td>3,60%<\/td>\n<\/tr>\n<tr>\n<td><B>From \u20ac30M to \u20ac50M<\/B><\/td>\n<td>2,50%<\/td>\n<td>3%<\/td>\n<\/tr>\n<tr>\n<td><B> > \u20ac50M<\/B><\/td>\n<td>2%<\/td>\n<td>2,40%<\/td>\n<\/tr>\n<\/tbody>\n<\/table>\n<\/div>\n<\/div>\n<div>\n<p>Fees include all services described in the\u00a0<span><a href=\"https:\/\/themis-transactions.com\/en\/sell\/\">SELL<\/a> <\/span> or <span><a href=\"https:\/\/themis-transactions.com\/en\/buying\/\">BUY<\/a>\u00a0<\/span>tabs of our website. <br \/>Fees are payable by the seller or buyer, depending on the terms of the mandate. <br \/>*Fees are quoted exclusive of VAT at the current applicable rate.<br \/>Fees represent the maximum percentages applicable to our services.<\/p>\n<\/div>\n<div>\n<p><i>Displaying the fee scale with the applicable maximum percentages is a legal obligation, in accordance with the Arr\u00eat\u00e9 du 26 janvier 2022 modifying the Arr\u00eat\u00e9 du 10 janvier 2017 relative to consumer information by professionals involved in a real estate transaction.<\/i><\/p>\n<\/div>\n<p><!--more--><br \/>\n<!-- {\"type\":\"layout\",\"children\":[{\"type\":\"section\",\"props\":{\"animation\":\"slide-bottom-medium\",\"id\":\"compare\",\"image_position\":\"center-center\",\"padding\":\"large\",\"padding_remove_bottom\":false,\"style\":\"default\",\"title_breakpoint\":\"xl\",\"title_position\":\"top-left\",\"title_rotation\":\"left\",\"vertical_align\":\"\",\"width\":\"default\"},\"children\":[{\"type\":\"row\",\"children\":[{\"type\":\"column\",\"props\":{\"image_position\":\"center-center\",\"position_sticky_breakpoint\":\"m\",\"width_medium\":\"1-1\"},\"children\":[{\"type\":\"headline\",\"props\":{\"content\":\"FEES 2026\",\"margin\":\"large\",\"margin_remove_bottom\":true,\"title_element\":\"h2\",\"title_style\":\"h1\"}},{\"type\":\"headline\",\"props\":{\"content\":\"SALE OR SEARCH MANDATE\",\"margin\":\"default\",\"margin_remove_top\":true,\"title_element\":\"h2\",\"title_style\":\"h4\"}},{\"type\":\"divider\",\"props\":{\"divider_element\":\"hr\"}},{\"type\":\"text\",\"props\":{\"column_breakpoint\":\"m\",\"content\":\"\n\n<p>THEMIS TRANSACTIONS' fee is based on the total sale price of the property sold, including the sale price of the real estate, the sale price of the movables and\\\/or the sale price of the company shares. <br \\\/>It is expressed as a percentage of the total sale price. <br \\\/>Fees are payable on the date of signature of the final deeds of sale.<\\\/p>\",\"margin\":\"default\"}},{\"type\":\"html\",\"props\":{\"content\":\"\n\n<div class=\\\"uk-overflow-auto\\\">\\n\n\n<table class=\\\"uk-table uk-table-striped\\\">\\n    \n\n<thead>\\n        \n\n<tr>\\n            \n\n<th><B>SALE OR DISPOSAL<\\\/B><\\\/th>\\n            \n\n<th><B>FEES EXCL. TAX<\\\/B><\\\/th>\\n            \n\n<th><B>FEES INCL. TAX*<\\\/B><\\\/th>\\n            \\n        <\\\/tr>\\n    <\\\/thead>\\n    \n\n<tbody>\\n        \n\n<tr>\\n            \n\n<td> <B> < \\u20ac5M <\\\/B><\\\/td>\\n            \n\n<td>5%<\\\/td>\\n            \n\n<td>6%<\\\/td>\\n            \\n        <\\\/tr>\\n        \n\n<tr>\\n            \n\n<td> <b>From \\u20ac5M to \\u20ac15M<\\\/b><\\\/td>\\n            \n\n<td>4%<\\\/td>\\n            \n\n<td>4,80%<\\\/td>\\n            \\n        <\\\/tr>\\n        \n\n<tr>\\n            \n\n<td><b>From \\u20ac15M to \\u20ac30M<\\\/b><\\\/td>\\n            \n\n<td>3%<\\\/td>\\n            \n\n<td>3,60%<\\\/td>\\n           \\n        <\\\/tr>\\n        \n\n<tr>\\n            \n\n<td><B>From \\u20ac30M to \\u20ac50M<\\\/B><\\\/td>\\n            \n\n<td>2,50%<\\\/td>\\n            \n\n<td>3%<\\\/td>\\n            \\n           \\n        <\\\/tr>\\n        \n\n<tr>\\n            \n\n<td><B> > \\u20ac50M<\\\/B><\\\/td>\\n            \n\n<td>2%<\\\/td>\\n            \n\n<td>2,40%<\\\/td>\\n            \\n        <\\\/tr>\\n       \\n    <\\\/tbody>\\n<\\\/table>\\n<\\\/div>\"}}]}],\"props\":{\"width\":\"small\"}},{\"type\":\"row\",\"props\":{\"width\":\"small\"},\"children\":[{\"type\":\"column\",\"props\":{\"image_position\":\"center-center\",\"position_sticky_breakpoint\":\"m\"},\"children\":[{\"type\":\"text\",\"props\":{\"column_breakpoint\":\"m\",\"content\":\"\n\n<p>Fees include all services described in the\\u00a0<span><a href=\\\"https:\\\/\\\/themis-transactions.com\\\/en\\\/sell\\\/\\\">SELL<\\\/a> <\\\/span> or <span><a href=\\\"https:\\\/\\\/themis-transactions.com\\\/en\\\/buying\\\/\\\">BUY<\\\/a>\\u00a0<\\\/span>tabs of our website. <br \\\/>Fees are payable by the seller or buyer, depending on the terms of the mandate. <br \\\/>*Fees are quoted exclusive of VAT at the current applicable rate.<br \\\/>Fees represent the maximum percentages applicable to our services.<\\\/p>\",\"margin\":\"default\",\"margin_remove_bottom\":false,\"margin_remove_top\":false}},{\"type\":\"text\",\"props\":{\"column_breakpoint\":\"m\",\"content\":\"\n\n<p><i>Displaying the fee scale with the applicable maximum percentages is a legal obligation, in accordance with the Arr\\u00eat\\u00e9 du 26 janvier 2022 modifying the Arr\\u00eat\\u00e9 du 10 janvier 2017 relative to consumer information by professionals involved in a real estate transaction.<\\\/i><\\\/p>\",\"margin\":\"large\",\"margin_remove_top\":true}}]}]}]}],\"version\":\"4.5.12\",\"yooessentialsVersion\":\"2.4.12\"} --><\/p>\n","protected":false},"excerpt":{"rendered":"<p>FEES 2026 SALE OR SEARCH MANDATE THEMIS TRANSACTIONS&#8217; fee is based on the total sale price of the property sold, including the sale price of the real estate, the sale price of the movables and\/or the sale price of the company shares. It is expressed as a percentage of the total sale price. Fees are [&hellip;]<\/p>\n","protected":false},"author":1,"featured_media":0,"parent":0,"menu_order":0,"comment_status":"closed","ping_status":"closed","template":"","meta":{"_acf_changed":false,"footnotes":""},"class_list":["post-2173","page","type-page","status-publish","hentry"],"acf":[],"_links":{"self":[{"href":"https:\/\/themis-transactions.com\/en\/wp-json\/wp\/v2\/pages\/2173","targetHints":{"allow":["GET"]}}],"collection":[{"href":"https:\/\/themis-transactions.com\/en\/wp-json\/wp\/v2\/pages"}],"about":[{"href":"https:\/\/themis-transactions.com\/en\/wp-json\/wp\/v2\/types\/page"}],"author":[{"embeddable":true,"href":"https:\/\/themis-transactions.com\/en\/wp-json\/wp\/v2\/users\/1"}],"replies":[{"embeddable":true,"href":"https:\/\/themis-transactions.com\/en\/wp-json\/wp\/v2\/comments?post=2173"}],"version-history":[{"count":16,"href":"https:\/\/themis-transactions.com\/en\/wp-json\/wp\/v2\/pages\/2173\/revisions"}],"predecessor-version":[{"id":2502,"href":"https:\/\/themis-transactions.com\/en\/wp-json\/wp\/v2\/pages\/2173\/revisions\/2502"}],"wp:attachment":[{"href":"https:\/\/themis-transactions.com\/en\/wp-json\/wp\/v2\/media?parent=2173"}],"curies":[{"name":"wp","href":"https:\/\/api.w.org\/{rel}","templated":true}]}}